{"id":904,"date":"2025-07-15T06:29:12","date_gmt":"2025-07-15T06:29:12","guid":{"rendered":"https:\/\/www.heinzl.at\/koncovy-spotrebitel\/"},"modified":"2025-08-13T08:28:34","modified_gmt":"2025-08-13T08:28:34","slug":"koncovy-spotrebitel","status":"publish","type":"page","link":"https:\/\/www.heinzl.at\/cs\/koncovy-spotrebitel\/","title":{"rendered":"Koncov\u00fd spot\u0159ebitel"},"content":{"rendered":"<div class=\"fusion-fullwidth fullwidth-box fusion-builder-row-1 fusion-flex-container has-pattern-background has-mask-background nonhundred-percent-fullwidth non-hundred-percent-height-scrolling\" style=\"--awb-border-radius-top-left:0px;--awb-border-radius-top-right:0px;--awb-border-radius-bottom-right:0px;--awb-border-radius-bottom-left:0px;--awb-flex-wrap:wrap;\" ><div class=\"fusion-builder-row fusion-row fusion-flex-align-items-flex-start fusion-flex-content-wrap\" style=\"max-width:1248px;margin-left: calc(-4% \/ 2 );margin-right: calc(-4% \/ 2 );\"><div class=\"fusion-layout-column fusion_builder_column fusion-builder-column-0 fusion_builder_column_1_1 1_1 fusion-flex-column\" style=\"--awb-bg-size:cover;--awb-width-large:100%;--awb-margin-top-large:96px;--awb-spacing-right-large:1.92%;--awb-margin-bottom-large:128px;--awb-spacing-left-large:1.92%;--awb-width-medium:100%;--awb-order-medium:0;--awb-spacing-right-medium:1.92%;--awb-spacing-left-medium:1.92%;--awb-width-small:100%;--awb-order-small:0;--awb-spacing-right-small:1.92%;--awb-spacing-left-small:1.92%;\"><div class=\"fusion-column-wrapper fusion-column-has-shadow fusion-flex-justify-content-flex-start fusion-content-layout-column\"><div class=\"fusion-title title fusion-title-1 fusion-sep-none fusion-title-text fusion-title-size-one\"><h1 class=\"fusion-title-heading title-heading-left\" style=\"margin:0;\">Formul\u00e1\u0159 pro koncov\u00e9 spot\u0159ebitele<\/h1><\/div><style>#form_container{\n  width: 100%;\n  padding: 0;\n  margin: 0;\n}\n\n#form_wrapper{\n  width: 100%;\n  padding: 0;\n  margin: 0;\n}<\/style><div class=\"fusion-form fusion-form-builder fusion-form-form-wrapper fusion-form-963 has-icon-alignment\" style=\"--awb-tooltip-text-color:#ffffff;--awb-tooltip-background-color:#333333;--awb-form-bg-color:#ffffff;--awb-label-font-size:18px;--awb-form-font-size:18px;--awb-form-placeholder-color:rgba(55,55,55,0.5);--awb-form-text-color:#373737;--awb-form-label-color:#000000;--awb-form-border-width-top:2px;--awb-form-border-width-bottom:2px;--awb-form-border-width-right:2px;--awb-form-border-width-left:2px;--awb-form-border-color:#c2c2c2;--awb-form-focus-border-color:#000000;--awb-form-focus-border-hover-color:rgba(0,0,0,0.5);--awb-form-border-radius:5px;--awb-icon-alignment-top:2px;--awb-icon-alignment-bottom:2px;--awb-icon-alignment-font-size:18px;\" data-form-id=\"963\" data-config=\"{&quot;form_id&quot;:963,&quot;form_post_id&quot;:963,&quot;post_id&quot;:904,&quot;form_type&quot;:&quot;ajax&quot;,&quot;confirmation_type&quot;:&quot;message&quot;,&quot;redirect_url&quot;:&quot;&quot;,&quot;field_labels&quot;:{&quot;Vorname&quot;:&quot;Jm\\u00e9no&quot;,&quot;nachname&quot;:&quot;PS\\u010c\\\/M\\u011bsto&quot;,&quot;e-mail&quot;:&quot;E-mail&quot;,&quot;telefonnummer&quot;:&quot;Telefonn\\u00ed \\u010d\\u00edslo&quot;,&quot;nachricht&quot;:&quot;Zpr\\u00e1va&quot;,&quot;Datenschutz&quot;:&quot;&quot;},&quot;field_logics&quot;:{&quot;Vorname&quot;:&quot;&quot;,&quot;nachname&quot;:&quot;&quot;,&quot;e-mail&quot;:&quot;&quot;,&quot;telefonnummer&quot;:&quot;&quot;,&quot;nachricht&quot;:&quot;&quot;,&quot;Datenschutz&quot;:&quot;&quot;},&quot;field_types&quot;:{&quot;Vorname&quot;:&quot;text&quot;,&quot;nachname&quot;:&quot;text&quot;,&quot;e-mail&quot;:&quot;email&quot;,&quot;telefonnummer&quot;:&quot;phone_number&quot;,&quot;nachricht&quot;:&quot;textarea&quot;,&quot;Datenschutz&quot;:&quot;consent&quot;,&quot;submit_1&quot;:&quot;submit&quot;},&quot;nonce_method&quot;:&quot;ajax&quot;}\"><form action=\"https:\/\/www.heinzl.at\/cs\/koncovy-spotrebitel\/\" method=\"post\" class=\"fusion-form fusion-form-963\"><div class=\"fusion-fullwidth fullwidth-box fusion-builder-row-1-1 fusion-flex-container has-pattern-background has-mask-background nonhundred-percent-fullwidth non-hundred-percent-height-scrolling\" style=\"--awb-border-radius-top-left:0px;--awb-border-radius-top-right:0px;--awb-border-radius-bottom-right:0px;--awb-border-radius-bottom-left:0px;--awb-padding-right-small:0px;--awb-flex-wrap:wrap;\" id=\"form_wrapper\" ><div class=\"fusion-builder-row fusion-row fusion-flex-align-items-flex-start fusion-flex-content-wrap\" style=\"width:104% !important;max-width:104% !important;margin-left: calc(-4% \/ 2 );margin-right: calc(-4% \/ 2 );\"><div class=\"fusion-layout-column fusion_builder_column fusion-builder-column-1 fusion_builder_column_1_1 1_1 fusion-flex-column\" style=\"--awb-bg-size:cover;--awb-width-large:100%;--awb-margin-top-large:0px;--awb-spacing-right-large:1.92%;--awb-margin-bottom-large:20px;--awb-spacing-left-large:1.92%;--awb-width-medium:100%;--awb-order-medium:0;--awb-spacing-right-medium:1.92%;--awb-spacing-left-medium:1.92%;--awb-width-small:100%;--awb-order-small:0;--awb-spacing-right-small:1.92%;--awb-spacing-left-small:1.92%;\" id=\"form_container\"><div class=\"fusion-column-wrapper fusion-column-has-shadow fusion-flex-justify-content-flex-start fusion-content-layout-column\"><div class=\"fusion-form-field fusion-form-text-field fusion-form-label-above\" style=\"\" data-form-id=\"963\"><div class=\"fusion-form-label-wrapper\"><label for=\"Vorname\">Jm\u00e9no <abbr class=\"fusion-form-element-required\" title=\"required\">*<\/abbr><\/label><\/div><input type=\"text\" autocomplete=\"off\" name=\"Vorname\" id=\"Vorname\" value=\"\"  class=\"fusion-form-input\" required=\"true\" aria-required=\"true\" data-holds-private-data=\"false\" minlength=\"0\"\/><\/div><div class=\"fusion-form-field fusion-form-text-field fusion-form-label-above\" style=\"\" data-form-id=\"963\"><div class=\"fusion-form-label-wrapper\"><label for=\"nachname\">P\u0159\u00edjmen\u00ed <abbr class=\"fusion-form-element-required\" title=\"required\">*<\/abbr><\/label><\/div><input type=\"text\" autocomplete=\"off\" name=\"nachname\" id=\"nachname\" value=\"\"  class=\"fusion-form-input\" required=\"true\" aria-required=\"true\" data-holds-private-data=\"false\" minlength=\"0\"\/><\/div><div class=\"fusion-form-field fusion-form-text-field fusion-form-label-above\" style=\"\" data-form-id=\"963\"><div class=\"fusion-form-label-wrapper\"><label for=\"nachname\">Ulice\/\u010d.p. <abbr class=\"fusion-form-element-required\" title=\"required\">*<\/abbr><\/label><\/div><input type=\"text\" autocomplete=\"off\" name=\"nachname\" id=\"nachname\" value=\"\"  class=\"fusion-form-input\" required=\"true\" aria-required=\"true\" data-holds-private-data=\"false\" minlength=\"0\"\/><\/div><div class=\"fusion-form-field fusion-form-text-field fusion-form-label-above\" style=\"\" data-form-id=\"963\"><div class=\"fusion-form-label-wrapper\"><label for=\"nachname\">PS\u010c\/M\u011bsto <abbr class=\"fusion-form-element-required\" title=\"required\">*<\/abbr><\/label><\/div><input type=\"text\" autocomplete=\"off\" name=\"nachname\" id=\"nachname\" value=\"\"  class=\"fusion-form-input\" required=\"true\" aria-required=\"true\" data-holds-private-data=\"false\" minlength=\"0\"\/><\/div><div class=\"fusion-form-field fusion-form-email-field fusion-form-label-above\" style=\"\" data-form-id=\"963\"><div class=\"fusion-form-label-wrapper\"><label for=\"e-mail\">E-mail <abbr class=\"fusion-form-element-required\" title=\"required\">*<\/abbr><\/label><\/div><input type=\"email\" autocomplete=\"off\" name=\"e-mail\" id=\"e-mail\" value=\"\"  class=\"fusion-form-input\" required=\"true\" aria-required=\"true\" data-holds-private-data=\"false\"\/><\/div><div class=\"fusion-form-field fusion-form-phone-number-field fusion-form-label-above\" style=\"\" data-form-id=\"963\"><div class=\"fusion-form-label-wrapper\"><label for=\"telefonnummer\">Telefonn\u00ed \u010d\u00edslo <abbr class=\"fusion-form-element-required\" title=\"required\">*<\/abbr><\/label><\/div><div class=\"fusion-form-input-with-icon\"><i class=\"awb-form-icon fa-phone-square-alt fas\"><\/i><input type=\"tel\" autocomplete=\"off\" name=\"telefonnummer\" id=\"telefonnummer\" value=\"\"  class=\"fusion-form-input\" required=\"true\" aria-required=\"true\" data-holds-private-data=\"false\"\/><\/div><\/div><div class=\"fusion-form-field fusion-form-textarea-field fusion-form-label-above\" style=\"\" data-form-id=\"963\"><label for=\"nachricht\">Zpr\u00e1va <abbr class=\"fusion-form-element-required\" title=\"required\">*<\/abbr><\/label><textarea cols=\"40\" autocomplete=\"off\"  minlength=\"0\"  rows=\"2\" tabindex=\"\" id=\"nachricht\" name=\"nachricht\" class=\"fusion-form-input\" required=\"true\" aria-required=\"true\" data-holds-private-data=\"false\"><\/textarea><\/div><div id=\"constent_box\" class=\"fusion-form-field fusion-form-consent-field fusion-form-label-above\" style=\"\" data-form-id=\"963\"><div class=\"fusion-form-checkbox option-inline\"><input tabindex=\"\" id=\"Datenschutz\" type=\"checkbox\" value=\"1\" name=\"Datenschutz\" class=\"fusion-form-input\" required=\"true\" aria-required=\"true\"\/><label for=\"Datenschutz\">T\u00edmto potvrzuji, \u017ee jsem si p\u0159e\u010detl(a) z\u00e1sady ochrany osobn\u00edch \u00fadaj\u016f a souhlas\u00edm s nimi, a ud\u011bluji souhlas, aby spole\u010dnost heinzl.at zpracov\u00e1vala m\u00e9 \u00fadaje, aby m\u011b mohla kontaktovat.<\/label><\/div><\/div><div class=\"fusion-form-field fusion-form-submit-field fusion-form-label-above\" style=\"\" data-form-id=\"963\"><div ><button type=\"submit\" class=\"fusion-button button-flat fusion-button-default-size button-custom fusion-button-default button-1 fusion-button-default-span  form-form-submit button-default\" style=\"--button_accent_color:var(--awb-color1);--button_accent_hover_color:#000000;--button_border_hover_color:var(--awb-color1);--button-border-radius-top-left:5px;--button-border-radius-top-right:5px;--button-border-radius-bottom-right:5px;--button-border-radius-bottom-left:5px;--button_gradient_top_color:#000000;--button_gradient_bottom_color:#000000;--button_gradient_top_color_hover:#eeb800;--button_gradient_bottom_color_hover:#eeb800;\" data-form-number=\"963\" tabindex=\"\"><span class=\"fusion-button-text awb-button__text awb-button__text--default\">Odeslat formul\u00e1\u0159<\/span><\/button><\/div><\/div><\/div><\/div><\/div><\/div><input type=\"hidden\" name=\"fusion_privacy_store_ip_ua\" value=\"false\"><input type=\"hidden\" name=\"fusion_privacy_expiration_interval\" value=\"48\"><input type=\"hidden\" name=\"privacy_expiration_action\" value=\"anonymize\"><\/form><\/div><\/div><\/div><\/div><\/div>\n","protected":false},"excerpt":{"rendered":"","protected":false},"author":1,"featured_media":0,"parent":0,"menu_order":0,"comment_status":"closed","ping_status":"closed","template":"100-width.php","meta":{"footnotes":""},"class_list":["post-904","page","type-page","status-publish","hentry"],"yoast_head":"<!-- This site is optimized with the Yoast SEO plugin v25.2 - https:\/\/yoast.com\/wordpress\/plugins\/seo\/ -->\n<title>Koncov\u00fd spot\u0159ebitel - HEINZL Webshop<\/title>\n<meta name=\"robots\" content=\"index, follow, max-snippet:-1, max-image-preview:large, max-video-preview:-1\" \/>\n<link rel=\"canonical\" href=\"https:\/\/www.heinzl.at\/cs\/koncovy-spotrebitel\/\" \/>\n<meta property=\"og:locale\" content=\"cs_CZ\" \/>\n<meta property=\"og:type\" content=\"article\" \/>\n<meta property=\"og:title\" content=\"Koncov\u00fd spot\u0159ebitel - HEINZL Webshop\" \/>\n<meta property=\"og:url\" content=\"https:\/\/www.heinzl.at\/cs\/koncovy-spotrebitel\/\" \/>\n<meta property=\"og:site_name\" content=\"HEINZL Webshop\" \/>\n<meta property=\"article:modified_time\" content=\"2025-08-13T08:28:34+00:00\" \/>\n<meta name=\"twitter:card\" content=\"summary_large_image\" \/>\n<meta name=\"twitter:label1\" content=\"Odhadovan\u00e1 doba \u010dten\u00ed\" \/>\n\t<meta name=\"twitter:data1\" content=\"4 minuty\" \/>\n<script type=\"application\/ld+json\" class=\"yoast-schema-graph\">{\"@context\":\"https:\/\/schema.org\",\"@graph\":[{\"@type\":\"WebPage\",\"@id\":\"https:\/\/www.heinzl.at\/cs\/koncovy-spotrebitel\/\",\"url\":\"https:\/\/www.heinzl.at\/cs\/koncovy-spotrebitel\/\",\"name\":\"Koncov\u00fd spot\u0159ebitel - HEINZL Webshop\",\"isPartOf\":{\"@id\":\"https:\/\/www.heinzl.at\/cs\/#website\"},\"datePublished\":\"2025-07-15T06:29:12+00:00\",\"dateModified\":\"2025-08-13T08:28:34+00:00\",\"breadcrumb\":{\"@id\":\"https:\/\/www.heinzl.at\/cs\/koncovy-spotrebitel\/#breadcrumb\"},\"inLanguage\":\"cs\",\"potentialAction\":[{\"@type\":\"ReadAction\",\"target\":[\"https:\/\/www.heinzl.at\/cs\/koncovy-spotrebitel\/\"]}]},{\"@type\":\"BreadcrumbList\",\"@id\":\"https:\/\/www.heinzl.at\/cs\/koncovy-spotrebitel\/#breadcrumb\",\"itemListElement\":[{\"@type\":\"ListItem\",\"position\":1,\"name\":\"Startseite\",\"item\":\"https:\/\/www.heinzl.at\/cs\/prehled-znacek\/\"},{\"@type\":\"ListItem\",\"position\":2,\"name\":\"Koncov\u00fd spot\u0159ebitel\"}]},{\"@type\":\"WebSite\",\"@id\":\"https:\/\/www.heinzl.at\/cs\/#website\",\"url\":\"https:\/\/www.heinzl.at\/cs\/\",\"name\":\"HEINZL Webshop\",\"description\":\"\",\"potentialAction\":[{\"@type\":\"SearchAction\",\"target\":{\"@type\":\"EntryPoint\",\"urlTemplate\":\"https:\/\/www.heinzl.at\/cs\/?s={search_term_string}\"},\"query-input\":{\"@type\":\"PropertyValueSpecification\",\"valueRequired\":true,\"valueName\":\"search_term_string\"}}],\"inLanguage\":\"cs\"}]}<\/script>\n<!-- \/ Yoast SEO plugin. -->","yoast_head_json":{"title":"Koncov\u00fd spot\u0159ebitel - HEINZL Webshop","robots":{"index":"index","follow":"follow","max-snippet":"max-snippet:-1","max-image-preview":"max-image-preview:large","max-video-preview":"max-video-preview:-1"},"canonical":"https:\/\/www.heinzl.at\/cs\/koncovy-spotrebitel\/","og_locale":"cs_CZ","og_type":"article","og_title":"Koncov\u00fd spot\u0159ebitel - HEINZL Webshop","og_url":"https:\/\/www.heinzl.at\/cs\/koncovy-spotrebitel\/","og_site_name":"HEINZL Webshop","article_modified_time":"2025-08-13T08:28:34+00:00","twitter_card":"summary_large_image","twitter_misc":{"Odhadovan\u00e1 doba \u010dten\u00ed":"4 minuty"},"schema":{"@context":"https:\/\/schema.org","@graph":[{"@type":"WebPage","@id":"https:\/\/www.heinzl.at\/cs\/koncovy-spotrebitel\/","url":"https:\/\/www.heinzl.at\/cs\/koncovy-spotrebitel\/","name":"Koncov\u00fd spot\u0159ebitel - HEINZL Webshop","isPartOf":{"@id":"https:\/\/www.heinzl.at\/cs\/#website"},"datePublished":"2025-07-15T06:29:12+00:00","dateModified":"2025-08-13T08:28:34+00:00","breadcrumb":{"@id":"https:\/\/www.heinzl.at\/cs\/koncovy-spotrebitel\/#breadcrumb"},"inLanguage":"cs","potentialAction":[{"@type":"ReadAction","target":["https:\/\/www.heinzl.at\/cs\/koncovy-spotrebitel\/"]}]},{"@type":"BreadcrumbList","@id":"https:\/\/www.heinzl.at\/cs\/koncovy-spotrebitel\/#breadcrumb","itemListElement":[{"@type":"ListItem","position":1,"name":"Startseite","item":"https:\/\/www.heinzl.at\/cs\/prehled-znacek\/"},{"@type":"ListItem","position":2,"name":"Koncov\u00fd spot\u0159ebitel"}]},{"@type":"WebSite","@id":"https:\/\/www.heinzl.at\/cs\/#website","url":"https:\/\/www.heinzl.at\/cs\/","name":"HEINZL Webshop","description":"","potentialAction":[{"@type":"SearchAction","target":{"@type":"EntryPoint","urlTemplate":"https:\/\/www.heinzl.at\/cs\/?s={search_term_string}"},"query-input":{"@type":"PropertyValueSpecification","valueRequired":true,"valueName":"search_term_string"}}],"inLanguage":"cs"}]}},"_links":{"self":[{"href":"https:\/\/www.heinzl.at\/cs\/wp-json\/wp\/v2\/pages\/904","targetHints":{"allow":["GET"]}}],"collection":[{"href":"https:\/\/www.heinzl.at\/cs\/wp-json\/wp\/v2\/pages"}],"about":[{"href":"https:\/\/www.heinzl.at\/cs\/wp-json\/wp\/v2\/types\/page"}],"author":[{"embeddable":true,"href":"https:\/\/www.heinzl.at\/cs\/wp-json\/wp\/v2\/users\/1"}],"replies":[{"embeddable":true,"href":"https:\/\/www.heinzl.at\/cs\/wp-json\/wp\/v2\/comments?post=904"}],"version-history":[{"count":2,"href":"https:\/\/www.heinzl.at\/cs\/wp-json\/wp\/v2\/pages\/904\/revisions"}],"predecessor-version":[{"id":906,"href":"https:\/\/www.heinzl.at\/cs\/wp-json\/wp\/v2\/pages\/904\/revisions\/906"}],"wp:attachment":[{"href":"https:\/\/www.heinzl.at\/cs\/wp-json\/wp\/v2\/media?parent=904"}],"curies":[{"name":"wp","href":"https:\/\/api.w.org\/{rel}","templated":true}]}}