{"id":994,"date":"2025-07-09T13:05:45","date_gmt":"2025-07-09T13:05:45","guid":{"rendered":"https:\/\/www.heinzl.at\/produkt\/hudson-ebuddy-valnik\/"},"modified":"2025-07-09T13:05:45","modified_gmt":"2025-07-09T13:05:45","slug":"hudson-ebuddy-valnik","status":"publish","type":"product","link":"https:\/\/www.heinzl.at\/cs\/produkt\/hudson-ebuddy-valnik\/","title":{"rendered":"Hudson eBuddy valn\u00edk"},"content":{"rendered":"<div class=\"itemcard_description itemcard_infoblock\">\n<ul>\n<li>Max. to\u010div\u00fd moment \u2013 110 Nm <\/li>\n<li>Max. v\u00fdkon \u2013 30 kW <\/li>\n<li>Jmenovit\u00fd v\u00fdkon \u2013 15 kW<\/li>\n<li>Maxim\u00e1ln\u00ed rychlost \u2013 71 km\/h<\/li>\n<li>Kapacita baterie \u2013 15,4 kWh<\/li>\n<li>Doba nab\u00edjen\u00ed \u2013 cca 8 h<\/li>\n<li>Max. dojezd \u2013 150 km <\/li>\n<li>Hmotnost pr\u00e1zdn\u00e9ho vozidla \u2013 850 kg<\/li>\n<li>Max. hmotnost \u2013 1700 kg<\/li>\n<li>Rozm\u011bry lo\u017en\u00e9 plochy (D x \u0160) \u2013 2015 mm x 1400 mm<\/li>\n<li>V\u00fd\u0161ka bo\u010dnice \u2013 320 mm<\/li>\n<li>Klimatizace<\/li>\n<li>Parkovac\u00ed kamera<\/li>\n<li>ABS a posilova\u010d \u0159\u00edzen\u00ed<\/li>\n<li>Z\u00e1ruka na vozidlo 2 roky nebo 50 000 km<\/li>\n<li>Z\u00e1ruka na baterii 5 let nebo 150 000 km<\/li>\n<\/ul>\n<\/div>\n","protected":false},"excerpt":{"rendered":"<p>Ceny ze skladu Rakousko<\/p>\n","protected":false},"featured_media":898,"template":"","meta":[],"product_brand":[23],"product_cat":[51],"product_tag":[],"class_list":{"0":"post-994","1":"product","2":"type-product","3":"status-publish","4":"has-post-thumbnail","6":"product_brand-hudson","7":"product_cat-nezarazeno","8":"product_shipping_class-ceny-ze-skladu-rakousko","10":"first","11":"instock","12":"taxable","13":"shipping-taxable","14":"purchasable","15":"product-type-variable"},"yoast_head":"<!-- This site is optimized with the Yoast SEO plugin v25.2 - https:\/\/yoast.com\/wordpress\/plugins\/seo\/ -->\n<title>Hudson eBuddy valn\u00edk - HEINZL Webshop<\/title>\n<meta name=\"robots\" content=\"index, follow, max-snippet:-1, max-image-preview:large, max-video-preview:-1\" \/>\n<link rel=\"canonical\" href=\"https:\/\/www.heinzl.at\/cs\/produkt\/hudson-ebuddy-valnik\/\" \/>\n<meta property=\"og:locale\" content=\"cs_CZ\" \/>\n<meta property=\"og:type\" content=\"article\" \/>\n<meta property=\"og:title\" content=\"Hudson eBuddy valn\u00edk - HEINZL Webshop\" \/>\n<meta property=\"og:description\" content=\"Ceny ze skladu Rakousko\" \/>\n<meta property=\"og:url\" content=\"https:\/\/www.heinzl.at\/cs\/produkt\/hudson-ebuddy-valnik\/\" \/>\n<meta property=\"og:site_name\" content=\"HEINZL Webshop\" \/>\n<meta property=\"og:image\" content=\"https:\/\/www.heinzl.at\/wp-content\/uploads\/2025\/07\/pritsche_gruppenbild.png\" \/>\n\t<meta property=\"og:image:width\" content=\"600\" \/>\n\t<meta property=\"og:image:height\" content=\"375\" \/>\n\t<meta property=\"og:image:type\" content=\"image\/png\" \/>\n<meta name=\"twitter:card\" content=\"summary_large_image\" \/>\n<script type=\"application\/ld+json\" class=\"yoast-schema-graph\">{\"@context\":\"https:\/\/schema.org\",\"@graph\":[{\"@type\":\"WebPage\",\"@id\":\"https:\/\/www.heinzl.at\/cs\/produkt\/hudson-ebuddy-valnik\/\",\"url\":\"https:\/\/www.heinzl.at\/cs\/produkt\/hudson-ebuddy-valnik\/\",\"name\":\"Hudson eBuddy valn\u00edk - HEINZL Webshop\",\"isPartOf\":{\"@id\":\"https:\/\/www.heinzl.at\/cs\/#website\"},\"primaryImageOfPage\":{\"@id\":\"https:\/\/www.heinzl.at\/cs\/produkt\/hudson-ebuddy-valnik\/#primaryimage\"},\"image\":{\"@id\":\"https:\/\/www.heinzl.at\/cs\/produkt\/hudson-ebuddy-valnik\/#primaryimage\"},\"thumbnailUrl\":\"https:\/\/www.heinzl.at\/wp-content\/uploads\/2025\/07\/pritsche_gruppenbild.png\",\"datePublished\":\"2025-07-09T13:05:45+00:00\",\"breadcrumb\":{\"@id\":\"https:\/\/www.heinzl.at\/cs\/produkt\/hudson-ebuddy-valnik\/#breadcrumb\"},\"inLanguage\":\"cs\",\"potentialAction\":[{\"@type\":\"ReadAction\",\"target\":[\"https:\/\/www.heinzl.at\/cs\/produkt\/hudson-ebuddy-valnik\/\"]}]},{\"@type\":\"ImageObject\",\"inLanguage\":\"cs\",\"@id\":\"https:\/\/www.heinzl.at\/cs\/produkt\/hudson-ebuddy-valnik\/#primaryimage\",\"url\":\"https:\/\/www.heinzl.at\/wp-content\/uploads\/2025\/07\/pritsche_gruppenbild.png\",\"contentUrl\":\"https:\/\/www.heinzl.at\/wp-content\/uploads\/2025\/07\/pritsche_gruppenbild.png\",\"width\":600,\"height\":375},{\"@type\":\"BreadcrumbList\",\"@id\":\"https:\/\/www.heinzl.at\/cs\/produkt\/hudson-ebuddy-valnik\/#breadcrumb\",\"itemListElement\":[{\"@type\":\"ListItem\",\"position\":1,\"name\":\"Startseite\",\"item\":\"https:\/\/www.heinzl.at\/cs\/prehled-znacek\/\"},{\"@type\":\"ListItem\",\"position\":2,\"name\":\"Obchod\",\"item\":\"https:\/\/www.heinzl.at\/cs\/obchod\/\"},{\"@type\":\"ListItem\",\"position\":3,\"name\":\"Hudson eBuddy valn\u00edk\"}]},{\"@type\":\"WebSite\",\"@id\":\"https:\/\/www.heinzl.at\/cs\/#website\",\"url\":\"https:\/\/www.heinzl.at\/cs\/\",\"name\":\"HEINZL Webshop\",\"description\":\"\",\"potentialAction\":[{\"@type\":\"SearchAction\",\"target\":{\"@type\":\"EntryPoint\",\"urlTemplate\":\"https:\/\/www.heinzl.at\/cs\/?s={search_term_string}\"},\"query-input\":{\"@type\":\"PropertyValueSpecification\",\"valueRequired\":true,\"valueName\":\"search_term_string\"}}],\"inLanguage\":\"cs\"}]}<\/script>\n<!-- \/ Yoast SEO plugin. -->","yoast_head_json":{"title":"Hudson eBuddy valn\u00edk - HEINZL Webshop","robots":{"index":"index","follow":"follow","max-snippet":"max-snippet:-1","max-image-preview":"max-image-preview:large","max-video-preview":"max-video-preview:-1"},"canonical":"https:\/\/www.heinzl.at\/cs\/produkt\/hudson-ebuddy-valnik\/","og_locale":"cs_CZ","og_type":"article","og_title":"Hudson eBuddy valn\u00edk - HEINZL Webshop","og_description":"Ceny ze skladu Rakousko","og_url":"https:\/\/www.heinzl.at\/cs\/produkt\/hudson-ebuddy-valnik\/","og_site_name":"HEINZL Webshop","og_image":[{"width":600,"height":375,"url":"https:\/\/www.heinzl.at\/wp-content\/uploads\/2025\/07\/pritsche_gruppenbild.png","type":"image\/png"}],"twitter_card":"summary_large_image","schema":{"@context":"https:\/\/schema.org","@graph":[{"@type":"WebPage","@id":"https:\/\/www.heinzl.at\/cs\/produkt\/hudson-ebuddy-valnik\/","url":"https:\/\/www.heinzl.at\/cs\/produkt\/hudson-ebuddy-valnik\/","name":"Hudson eBuddy valn\u00edk - HEINZL Webshop","isPartOf":{"@id":"https:\/\/www.heinzl.at\/cs\/#website"},"primaryImageOfPage":{"@id":"https:\/\/www.heinzl.at\/cs\/produkt\/hudson-ebuddy-valnik\/#primaryimage"},"image":{"@id":"https:\/\/www.heinzl.at\/cs\/produkt\/hudson-ebuddy-valnik\/#primaryimage"},"thumbnailUrl":"https:\/\/www.heinzl.at\/wp-content\/uploads\/2025\/07\/pritsche_gruppenbild.png","datePublished":"2025-07-09T13:05:45+00:00","breadcrumb":{"@id":"https:\/\/www.heinzl.at\/cs\/produkt\/hudson-ebuddy-valnik\/#breadcrumb"},"inLanguage":"cs","potentialAction":[{"@type":"ReadAction","target":["https:\/\/www.heinzl.at\/cs\/produkt\/hudson-ebuddy-valnik\/"]}]},{"@type":"ImageObject","inLanguage":"cs","@id":"https:\/\/www.heinzl.at\/cs\/produkt\/hudson-ebuddy-valnik\/#primaryimage","url":"https:\/\/www.heinzl.at\/wp-content\/uploads\/2025\/07\/pritsche_gruppenbild.png","contentUrl":"https:\/\/www.heinzl.at\/wp-content\/uploads\/2025\/07\/pritsche_gruppenbild.png","width":600,"height":375},{"@type":"BreadcrumbList","@id":"https:\/\/www.heinzl.at\/cs\/produkt\/hudson-ebuddy-valnik\/#breadcrumb","itemListElement":[{"@type":"ListItem","position":1,"name":"Startseite","item":"https:\/\/www.heinzl.at\/cs\/prehled-znacek\/"},{"@type":"ListItem","position":2,"name":"Obchod","item":"https:\/\/www.heinzl.at\/cs\/obchod\/"},{"@type":"ListItem","position":3,"name":"Hudson eBuddy valn\u00edk"}]},{"@type":"WebSite","@id":"https:\/\/www.heinzl.at\/cs\/#website","url":"https:\/\/www.heinzl.at\/cs\/","name":"HEINZL Webshop","description":"","potentialAction":[{"@type":"SearchAction","target":{"@type":"EntryPoint","urlTemplate":"https:\/\/www.heinzl.at\/cs\/?s={search_term_string}"},"query-input":{"@type":"PropertyValueSpecification","valueRequired":true,"valueName":"search_term_string"}}],"inLanguage":"cs"}]}},"_links":{"self":[{"href":"https:\/\/www.heinzl.at\/cs\/wp-json\/wp\/v2\/product\/994","targetHints":{"allow":["GET"]}}],"collection":[{"href":"https:\/\/www.heinzl.at\/cs\/wp-json\/wp\/v2\/product"}],"about":[{"href":"https:\/\/www.heinzl.at\/cs\/wp-json\/wp\/v2\/types\/product"}],"wp:featuredmedia":[{"embeddable":true,"href":"https:\/\/www.heinzl.at\/cs\/wp-json\/wp\/v2\/media\/898"}],"wp:attachment":[{"href":"https:\/\/www.heinzl.at\/cs\/wp-json\/wp\/v2\/media?parent=994"}],"wp:term":[{"taxonomy":"product_brand","embeddable":true,"href":"https:\/\/www.heinzl.at\/cs\/wp-json\/wp\/v2\/product_brand?post=994"},{"taxonomy":"product_cat","embeddable":true,"href":"https:\/\/www.heinzl.at\/cs\/wp-json\/wp\/v2\/product_cat?post=994"},{"taxonomy":"product_tag","embeddable":true,"href":"https:\/\/www.heinzl.at\/cs\/wp-json\/wp\/v2\/product_tag?post=994"}],"curies":[{"name":"wp","href":"https:\/\/api.w.org\/{rel}","templated":true}]}}